{"id":9183,"date":"2026-01-11T17:40:54","date_gmt":"2026-01-11T17:40:54","guid":{"rendered":"https:\/\/medusa-sdp.com\/?post_type=product&#038;p=9183"},"modified":"2026-04-03T11:40:45","modified_gmt":"2026-04-03T11:40:45","slug":"medusa-wet-wipes-alcohol-free-canister","status":"publish","type":"product","link":"https:\/\/medusa.csinterpharm.ae\/tr\/urun\/medusa-wet-wipes-alcohol-free-canister\/","title":{"rendered":"MEDUSA Islak Mendil Alkols\u00fcz Teneke Kutu"},"content":{"rendered":"<p>100 MEDUSA mendil sa\u011flam bir teneke kutuda, alkols\u00fcz ve g\u00fcvenilir y\u00fczey korumas\u0131 i\u00e7in kullan\u0131ma haz\u0131r. MEDUSA Alkols\u00fcz Mendil, nazik ancak tavizsiz hijyen gerektiren ortamlar i\u00e7in nihai \u00e7\u00f6z\u00fcmd\u00fcr. Performanstan \u00f6d\u00fcn vermeden g\u00fcvenlik i\u00e7in form\u00fcle edilen bu \u00fcr\u00fcn, hassas y\u00fczeyler ve hassas alanlar i\u00e7in idealdir.<\/p>\n<p><strong>M\u0130KTAR :<\/strong> 100 Mendil<\/p>\n<p><strong>\u00d6ZELL\u0130KLER :<\/strong> Teneke Kutu<\/p>","protected":false},"excerpt":{"rendered":"<ol>\n<li>Di-desil di-metil Amonyum Klor\u00fcr<\/li>\n<li>Benzalkonyum Klor\u00fcr<\/li>\n<li>Polyquat DMA\/E 50<\/li>\n<li>Pamuklu Mendil<\/li>\n<\/ol>","protected":false},"featured_media":16711,"comment_status":"open","ping_status":"closed","template":"","meta":[],"product_brand":[],"product_cat":[96],"product_tag":[77,72,74],"class_list":{"0":"post-9183","1":"product","2":"type-product","3":"status-publish","4":"has-post-thumbnail","6":"product_cat-wet-wipes","7":"product_tag-canister","8":"product_tag-disinfectant","9":"product_tag-wipes","11":"first","12":"instock","13":"sale","14":"taxable","15":"shipping-taxable","16":"purchasable","17":"product-type-simple"},"_links":{"self":[{"href":"https:\/\/medusa.csinterpharm.ae\/tr\/wp-json\/wp\/v2\/product\/9183","targetHints":{"allow":["GET"]}}],"collection":[{"href":"https:\/\/medusa.csinterpharm.ae\/tr\/wp-json\/wp\/v2\/product"}],"about":[{"href":"https:\/\/medusa.csinterpharm.ae\/tr\/wp-json\/wp\/v2\/types\/product"}],"replies":[{"embeddable":true,"href":"https:\/\/medusa.csinterpharm.ae\/tr\/wp-json\/wp\/v2\/comments?post=9183"}],"wp:featuredmedia":[{"embeddable":true,"href":"https:\/\/medusa.csinterpharm.ae\/tr\/wp-json\/wp\/v2\/media\/16711"}],"wp:attachment":[{"href":"https:\/\/medusa.csinterpharm.ae\/tr\/wp-json\/wp\/v2\/media?parent=9183"}],"wp:term":[{"taxonomy":"product_brand","embeddable":true,"href":"https:\/\/medusa.csinterpharm.ae\/tr\/wp-json\/wp\/v2\/product_brand?post=9183"},{"taxonomy":"product_cat","embeddable":true,"href":"https:\/\/medusa.csinterpharm.ae\/tr\/wp-json\/wp\/v2\/product_cat?post=9183"},{"taxonomy":"product_tag","embeddable":true,"href":"https:\/\/medusa.csinterpharm.ae\/tr\/wp-json\/wp\/v2\/product_tag?post=9183"}],"curies":[{"name":"wp","href":"https:\/\/api.w.org\/{rel}","templated":true}]}}