{"id":9182,"date":"2026-01-11T17:37:24","date_gmt":"2026-01-11T17:37:24","guid":{"rendered":"https:\/\/medusa-sdp.com\/?post_type=product&#038;p=9182"},"modified":"2026-04-03T10:50:46","modified_gmt":"2026-04-03T10:50:46","slug":"medusa-wet-wipes-alcohol-free-pouch-for-bucket-refill","status":"publish","type":"product","link":"https:\/\/medusa.csinterpharm.ae\/tr\/urun\/medusa-wet-wipes-alcohol-free-pouch-for-bucket-refill\/","title":{"rendered":"MEDUSA Islak Mendil Kova Dolumu \u0130\u00e7in Alkols\u00fcz Po\u015fet"},"content":{"rendered":"<p>Mikroplar\u0131 \u00f6ld\u00fcren ve y\u00fczeyleri hijyenik olarak temiz tutan alkols\u00fcz bir form\u00fclle \u00f6nceden \u0131slat\u0131lm\u0131\u015f 250 MEDUSA dezenfektan mendil i\u00e7eren dolum po\u015feti. MEDUSA Alkols\u00fcz Mendil, nazik ancak tavizsiz hijyen gerektiren ortamlar i\u00e7in nihai \u00e7\u00f6z\u00fcmd\u00fcr. Performanstan \u00f6d\u00fcn vermeden g\u00fcvenlik i\u00e7in form\u00fcle edilen bu \u00fcr\u00fcn, hassas y\u00fczeyler ve hassas alanlar i\u00e7in idealdir.<\/p>\n<p><strong>M\u0130KTAR :<\/strong> 250 Mendil<\/p>\n<p><strong>\u00d6ZELL\u0130KLER :<\/strong> Kova dolumu i\u00e7in kese<\/p>","protected":false},"excerpt":{"rendered":"<ol>\n<li>Di-desil di-metil Amonyum Klor\u00fcr<\/li>\n<li>Benzalkonyum Klor\u00fcr<\/li>\n<li>Polyquat DMA\/E 50<\/li>\n<li>Pamuklu Mendil<\/li>\n<\/ol>","protected":false},"featured_media":16723,"comment_status":"open","ping_status":"closed","template":"","meta":[],"product_brand":[],"product_cat":[96],"product_tag":[72,76],"class_list":{"0":"post-9182","1":"product","2":"type-product","3":"status-publish","4":"has-post-thumbnail","6":"product_cat-wet-wipes","7":"product_tag-disinfectant","8":"product_tag-pouch","10":"first","11":"instock","12":"sale","13":"taxable","14":"shipping-taxable","15":"purchasable","16":"product-type-simple"},"_links":{"self":[{"href":"https:\/\/medusa.csinterpharm.ae\/tr\/wp-json\/wp\/v2\/product\/9182","targetHints":{"allow":["GET"]}}],"collection":[{"href":"https:\/\/medusa.csinterpharm.ae\/tr\/wp-json\/wp\/v2\/product"}],"about":[{"href":"https:\/\/medusa.csinterpharm.ae\/tr\/wp-json\/wp\/v2\/types\/product"}],"replies":[{"embeddable":true,"href":"https:\/\/medusa.csinterpharm.ae\/tr\/wp-json\/wp\/v2\/comments?post=9182"}],"wp:featuredmedia":[{"embeddable":true,"href":"https:\/\/medusa.csinterpharm.ae\/tr\/wp-json\/wp\/v2\/media\/16723"}],"wp:attachment":[{"href":"https:\/\/medusa.csinterpharm.ae\/tr\/wp-json\/wp\/v2\/media?parent=9182"}],"wp:term":[{"taxonomy":"product_brand","embeddable":true,"href":"https:\/\/medusa.csinterpharm.ae\/tr\/wp-json\/wp\/v2\/product_brand?post=9182"},{"taxonomy":"product_cat","embeddable":true,"href":"https:\/\/medusa.csinterpharm.ae\/tr\/wp-json\/wp\/v2\/product_cat?post=9182"},{"taxonomy":"product_tag","embeddable":true,"href":"https:\/\/medusa.csinterpharm.ae\/tr\/wp-json\/wp\/v2\/product_tag?post=9182"}],"curies":[{"name":"wp","href":"https:\/\/api.w.org\/{rel}","templated":true}]}}