{"id":9156,"date":"2026-01-10T16:16:38","date_gmt":"2026-01-10T16:16:38","guid":{"rendered":"https:\/\/medusa-sdp.com\/?post_type=product&#038;p=9156"},"modified":"2026-04-04T00:40:57","modified_gmt":"2026-04-04T00:40:57","slug":"medusa-disinfectant-alcohol-free-gallon-5l","status":"publish","type":"product","link":"https:\/\/medusa.csinterpharm.ae\/tr\/urun\/medusa-disinfectant-alcohol-free-gallon-5l\/","title":{"rendered":"MEDUSA Dezenfektan Alkols\u00fcz Galon 5L"},"content":{"rendered":"<div id=\"uc_blob_shapes_elementor_45683c0_size\" class=\"ue_blob_inside\">\n<div class=\"ue-blob-text-holder\">\n<div class=\"ue-blob-text\">\n<p>Sprey \u015fi\u015felerinin kolay ve uygun maliyetli bir \u015fekilde yeniden doldurulmas\u0131 i\u00e7in geni\u015f formatl\u0131 MEDUSA dezenfektan galonu, mikroplara kar\u015f\u0131 g\u00fc\u00e7l\u00fc alkols\u00fcz koruma sa\u011flar. MEDUSA Alkols\u00fcz, nazik ancak tavizsiz hijyen gerektiren ortamlar i\u00e7in nihai \u00e7\u00f6z\u00fcmd\u00fcr. Performanstan \u00f6d\u00fcn vermeden g\u00fcvenlik i\u00e7in form\u00fcle edilen bu \u00fcr\u00fcn, hassas y\u00fczeyler ve hassas alanlar i\u00e7in idealdir.<\/p>\n<\/div>\n<div><strong>VOLUME :<\/strong> 5 Litre (5000 ML)<\/div>\n<div><strong>\u00d6ZELL\u0130KLER : <\/strong>Galon<\/div>\n<div><\/div>\n<\/div>\n<\/div>","protected":false},"excerpt":{"rendered":"<ul>\n<li>Di-desil di-metil Amonyum Klor\u00fcr<\/li>\n<li>Benzalkonyum Klor\u00fcr<\/li>\n<li>Polyquat DMA\/E 50<\/li>\n<\/ul>","protected":false},"featured_media":16706,"comment_status":"open","ping_status":"closed","template":"","meta":[],"product_brand":[],"product_cat":[64],"product_tag":[72,75],"class_list":{"0":"post-9156","1":"product","2":"type-product","3":"status-publish","4":"has-post-thumbnail","6":"product_cat-disinfectants","7":"product_tag-disinfectant","8":"product_tag-gallon","10":"first","11":"instock","12":"sale","13":"taxable","14":"shipping-taxable","15":"purchasable","16":"product-type-simple"},"_links":{"self":[{"href":"https:\/\/medusa.csinterpharm.ae\/tr\/wp-json\/wp\/v2\/product\/9156","targetHints":{"allow":["GET"]}}],"collection":[{"href":"https:\/\/medusa.csinterpharm.ae\/tr\/wp-json\/wp\/v2\/product"}],"about":[{"href":"https:\/\/medusa.csinterpharm.ae\/tr\/wp-json\/wp\/v2\/types\/product"}],"replies":[{"embeddable":true,"href":"https:\/\/medusa.csinterpharm.ae\/tr\/wp-json\/wp\/v2\/comments?post=9156"}],"wp:featuredmedia":[{"embeddable":true,"href":"https:\/\/medusa.csinterpharm.ae\/tr\/wp-json\/wp\/v2\/media\/16706"}],"wp:attachment":[{"href":"https:\/\/medusa.csinterpharm.ae\/tr\/wp-json\/wp\/v2\/media?parent=9156"}],"wp:term":[{"taxonomy":"product_brand","embeddable":true,"href":"https:\/\/medusa.csinterpharm.ae\/tr\/wp-json\/wp\/v2\/product_brand?post=9156"},{"taxonomy":"product_cat","embeddable":true,"href":"https:\/\/medusa.csinterpharm.ae\/tr\/wp-json\/wp\/v2\/product_cat?post=9156"},{"taxonomy":"product_tag","embeddable":true,"href":"https:\/\/medusa.csinterpharm.ae\/tr\/wp-json\/wp\/v2\/product_tag?post=9156"}],"curies":[{"name":"wp","href":"https:\/\/api.w.org\/{rel}","templated":true}]}}