{"id":9186,"date":"2026-01-11T17:58:08","date_gmt":"2026-01-11T17:58:08","guid":{"rendered":"https:\/\/medusa-sdp.com\/?post_type=product&#038;p=9186"},"modified":"2026-04-04T00:40:57","modified_gmt":"2026-04-04T00:40:57","slug":"medusa-wet-wipes-alcohol-free-pack","status":"publish","type":"product","link":"https:\/\/medusa.csinterpharm.ae\/de\/produkt\/medusa-wet-wipes-alcohol-free-pack\/","title":{"rendered":"MEDUSA Feuchtt\u00fccher Alkoholfrei Taschenformat Packung"},"content":{"rendered":"<p>Hochwertige MEDUSA-T\u00fccher im Taschenformat, alkoholfrei und gebrauchsfertig, f\u00fcr m\u00fchelosen Schutz unterwegs. MEDUSA Alkoholfreie Wischt\u00fccher sind die ultimative L\u00f6sung f\u00fcr Umgebungen, die sanfte, aber kompromisslose Hygiene erfordern. Die Wischt\u00fccher wurden f\u00fcr Sicherheit entwickelt, ohne die Leistung zu beeintr\u00e4chtigen, und sind ideal f\u00fcr empfindliche Oberfl\u00e4chen und sensible Bereiche.<\/p>\n<p><strong>MENGE :<\/strong> 10 T\u00fccher<\/p>\n<p><strong>SPEZIFIKATIONEN :<\/strong> Packung im Taschenformat<\/p>","protected":false},"excerpt":{"rendered":"<ol>\n<li>Di-Decyl-Di-Methyl-Ammoniumchlorid<\/li>\n<li>Benzalkoniumchlorid<\/li>\n<li>Polyquat DMA\/E 50<\/li>\n<li>Baumwollt\u00fccher<\/li>\n<\/ol>","protected":false},"featured_media":16717,"comment_status":"open","ping_status":"closed","template":"","meta":[],"product_brand":[],"product_cat":[96],"product_tag":[72,73,74],"class_list":{"0":"post-9186","1":"product","2":"type-product","3":"status-publish","4":"has-post-thumbnail","6":"product_cat-wet-wipes","7":"product_tag-disinfectant","8":"product_tag-pack","9":"product_tag-wipes","11":"first","12":"instock","13":"sale","14":"taxable","15":"shipping-taxable","16":"purchasable","17":"product-type-simple"},"_links":{"self":[{"href":"https:\/\/medusa.csinterpharm.ae\/de\/wp-json\/wp\/v2\/product\/9186","targetHints":{"allow":["GET"]}}],"collection":[{"href":"https:\/\/medusa.csinterpharm.ae\/de\/wp-json\/wp\/v2\/product"}],"about":[{"href":"https:\/\/medusa.csinterpharm.ae\/de\/wp-json\/wp\/v2\/types\/product"}],"replies":[{"embeddable":true,"href":"https:\/\/medusa.csinterpharm.ae\/de\/wp-json\/wp\/v2\/comments?post=9186"}],"wp:featuredmedia":[{"embeddable":true,"href":"https:\/\/medusa.csinterpharm.ae\/de\/wp-json\/wp\/v2\/media\/16717"}],"wp:attachment":[{"href":"https:\/\/medusa.csinterpharm.ae\/de\/wp-json\/wp\/v2\/media?parent=9186"}],"wp:term":[{"taxonomy":"product_brand","embeddable":true,"href":"https:\/\/medusa.csinterpharm.ae\/de\/wp-json\/wp\/v2\/product_brand?post=9186"},{"taxonomy":"product_cat","embeddable":true,"href":"https:\/\/medusa.csinterpharm.ae\/de\/wp-json\/wp\/v2\/product_cat?post=9186"},{"taxonomy":"product_tag","embeddable":true,"href":"https:\/\/medusa.csinterpharm.ae\/de\/wp-json\/wp\/v2\/product_tag?post=9186"}],"curies":[{"name":"wp","href":"https:\/\/api.w.org\/{rel}","templated":true}]}}