{"id":9184,"date":"2026-01-11T17:44:30","date_gmt":"2026-01-11T17:44:30","guid":{"rendered":"https:\/\/medusa-sdp.com\/?post_type=product&#038;p=9184"},"modified":"2026-02-18T16:46:56","modified_gmt":"2026-02-18T16:46:56","slug":"medusa-wet-wipes-alcohol-free-soft-pack","status":"publish","type":"product","link":"https:\/\/medusa.csinterpharm.ae\/de\/produkt\/medusa-wet-wipes-alcohol-free-soft-pack\/","title":{"rendered":"MEDUSA Feuchtt\u00fccher Alkoholfrei Soft Pack"},"content":{"rendered":"<p>100 Premium MEDUSA Wischt\u00fccher in einer Weichpackung, alkoholfrei und gebrauchsfertig, f\u00fcr effektiven Oberfl\u00e4chenschutz. MEDUSA Alkoholfreie Wischt\u00fccher sind die ultimative L\u00f6sung f\u00fcr Umgebungen, die sanfte und dennoch kompromisslose Hygiene erfordern. Die Wischt\u00fccher wurden f\u00fcr Sicherheit formuliert, ohne die Leistung zu beeintr\u00e4chtigen, und sind ideal f\u00fcr empfindliche Oberfl\u00e4chen und sensible Bereiche.<\/p>\n<p><strong>MENGE :<\/strong> 100 T\u00fccher<\/p>\n<p><strong>SPEZIFIKATIONEN :<\/strong> Soft Pack<\/p>","protected":false},"excerpt":{"rendered":"<ol>\n<li>Di-Decyl-Di-Methyl-Ammoniumchlorid<\/li>\n<li>Benzalkoniumchlorid<\/li>\n<li>Polyquat DMA\/E 50<\/li>\n<li>Baumwollt\u00fccher<\/li>\n<\/ol>","protected":false},"featured_media":16731,"comment_status":"open","ping_status":"closed","template":"","meta":[],"product_brand":[],"product_cat":[96],"product_tag":[72,73,74],"class_list":{"0":"post-9184","1":"product","2":"type-product","3":"status-publish","4":"has-post-thumbnail","6":"product_cat-wet-wipes","7":"product_tag-disinfectant","8":"product_tag-pack","9":"product_tag-wipes","11":"first","12":"instock","13":"sale","14":"taxable","15":"shipping-taxable","16":"purchasable","17":"product-type-simple"},"_links":{"self":[{"href":"https:\/\/medusa.csinterpharm.ae\/de\/wp-json\/wp\/v2\/product\/9184","targetHints":{"allow":["GET"]}}],"collection":[{"href":"https:\/\/medusa.csinterpharm.ae\/de\/wp-json\/wp\/v2\/product"}],"about":[{"href":"https:\/\/medusa.csinterpharm.ae\/de\/wp-json\/wp\/v2\/types\/product"}],"replies":[{"embeddable":true,"href":"https:\/\/medusa.csinterpharm.ae\/de\/wp-json\/wp\/v2\/comments?post=9184"}],"wp:featuredmedia":[{"embeddable":true,"href":"https:\/\/medusa.csinterpharm.ae\/de\/wp-json\/wp\/v2\/media\/16731"}],"wp:attachment":[{"href":"https:\/\/medusa.csinterpharm.ae\/de\/wp-json\/wp\/v2\/media?parent=9184"}],"wp:term":[{"taxonomy":"product_brand","embeddable":true,"href":"https:\/\/medusa.csinterpharm.ae\/de\/wp-json\/wp\/v2\/product_brand?post=9184"},{"taxonomy":"product_cat","embeddable":true,"href":"https:\/\/medusa.csinterpharm.ae\/de\/wp-json\/wp\/v2\/product_cat?post=9184"},{"taxonomy":"product_tag","embeddable":true,"href":"https:\/\/medusa.csinterpharm.ae\/de\/wp-json\/wp\/v2\/product_tag?post=9184"}],"curies":[{"name":"wp","href":"https:\/\/api.w.org\/{rel}","templated":true}]}}