{"id":9182,"date":"2026-01-11T17:37:24","date_gmt":"2026-01-11T17:37:24","guid":{"rendered":"https:\/\/medusa-sdp.com\/?post_type=product&#038;p=9182"},"modified":"2026-04-03T10:50:46","modified_gmt":"2026-04-03T10:50:46","slug":"medusa-wet-wipes-alcohol-free-pouch-for-bucket-refill","status":"publish","type":"product","link":"https:\/\/medusa.csinterpharm.ae\/de\/produkt\/medusa-wet-wipes-alcohol-free-pouch-for-bucket-refill\/","title":{"rendered":"MEDUSA Feuchtt\u00fccher Alkoholfrei Beutel f\u00fcr Eimer Nachf\u00fcllen"},"content":{"rendered":"<p>Nachf\u00fcllbeutel mit 250 MEDUSA Desinfektionst\u00fcchern, vorgetr\u00e4nkt in einer alkoholfreien Formel, die Keime abt\u00f6tet und Oberfl\u00e4chen hygienisch sauber h\u00e4lt. MEDUSA Alkoholfreie T\u00fccher sind die ultimative L\u00f6sung f\u00fcr Umgebungen, die sanfte, aber kompromisslose Hygiene erfordern. Sie sind sicher, ohne an Leistung einzub\u00fc\u00dfen, und eignen sich ideal f\u00fcr empfindliche Oberfl\u00e4chen und sensible Bereiche.<\/p>\n<p><strong>MENGE :<\/strong> 250 T\u00fccher<\/p>\n<p><strong>SPEZIFIKATIONEN :<\/strong> Beutel f\u00fcr Eimernachf\u00fcllung<\/p>","protected":false},"excerpt":{"rendered":"<ol>\n<li>Di-Decyl-Di-Methyl-Ammoniumchlorid<\/li>\n<li>Benzalkoniumchlorid<\/li>\n<li>Polyquat DMA\/E 50<\/li>\n<li>Baumwollt\u00fccher<\/li>\n<\/ol>","protected":false},"featured_media":16723,"comment_status":"open","ping_status":"closed","template":"","meta":[],"product_brand":[],"product_cat":[96],"product_tag":[72,76],"class_list":{"0":"post-9182","1":"product","2":"type-product","3":"status-publish","4":"has-post-thumbnail","6":"product_cat-wet-wipes","7":"product_tag-disinfectant","8":"product_tag-pouch","10":"first","11":"instock","12":"sale","13":"taxable","14":"shipping-taxable","15":"purchasable","16":"product-type-simple"},"_links":{"self":[{"href":"https:\/\/medusa.csinterpharm.ae\/de\/wp-json\/wp\/v2\/product\/9182","targetHints":{"allow":["GET"]}}],"collection":[{"href":"https:\/\/medusa.csinterpharm.ae\/de\/wp-json\/wp\/v2\/product"}],"about":[{"href":"https:\/\/medusa.csinterpharm.ae\/de\/wp-json\/wp\/v2\/types\/product"}],"replies":[{"embeddable":true,"href":"https:\/\/medusa.csinterpharm.ae\/de\/wp-json\/wp\/v2\/comments?post=9182"}],"wp:featuredmedia":[{"embeddable":true,"href":"https:\/\/medusa.csinterpharm.ae\/de\/wp-json\/wp\/v2\/media\/16723"}],"wp:attachment":[{"href":"https:\/\/medusa.csinterpharm.ae\/de\/wp-json\/wp\/v2\/media?parent=9182"}],"wp:term":[{"taxonomy":"product_brand","embeddable":true,"href":"https:\/\/medusa.csinterpharm.ae\/de\/wp-json\/wp\/v2\/product_brand?post=9182"},{"taxonomy":"product_cat","embeddable":true,"href":"https:\/\/medusa.csinterpharm.ae\/de\/wp-json\/wp\/v2\/product_cat?post=9182"},{"taxonomy":"product_tag","embeddable":true,"href":"https:\/\/medusa.csinterpharm.ae\/de\/wp-json\/wp\/v2\/product_tag?post=9182"}],"curies":[{"name":"wp","href":"https:\/\/api.w.org\/{rel}","templated":true}]}}