{"id":9160,"date":"2026-01-10T16:30:22","date_gmt":"2026-01-10T16:30:22","guid":{"rendered":"https:\/\/medusa-sdp.com\/?post_type=product&#038;p=9160"},"modified":"2026-04-03T10:38:30","modified_gmt":"2026-04-03T10:38:30","slug":"medusa-disinfectant-alcohol-based-gallon-5l","status":"publish","type":"product","link":"https:\/\/medusa.csinterpharm.ae\/de\/produkt\/medusa-disinfectant-alcohol-based-gallon-5l\/","title":{"rendered":"MEDUSA Desinfektionsmittel auf Alkoholbasis Gallone 5L"},"content":{"rendered":"<p>Gro\u00dfformatige MEDUSA-Desinfektionsmittel-Gallone zum einfachen und kosteng\u00fcnstigen Nachf\u00fcllen von Spr\u00fchflaschen, die einen starken Schutz gegen Keime auf Alkoholbasis bietet. MEDUSA Alcohol-Based bietet eine un\u00fcbertroffene Leistung f\u00fcr Umgebungen, in denen Hygiene nicht verhandelbar ist.<\/p>\n<div><strong>VOLUME :<\/strong> 5 Liter (5000 ML)<\/div>\n<div><strong>SPEZIFIKATIONEN : <\/strong>Gallone<\/div>\n<div><\/div>","protected":false},"excerpt":{"rendered":"<ul>\n<li>Propanol (Propan-2-Ol)<\/li>\n<li>Di-Decyl-Di-Methyl-Ammoniumchlorid<\/li>\n<li>Benzalkoniumchlorid<\/li>\n<li>Polyquat DMA\/E 50<\/li>\n<\/ul>\n<p>&nbsp;<\/p>","protected":false},"featured_media":16705,"comment_status":"open","ping_status":"closed","template":"","meta":[],"product_brand":[],"product_cat":[64],"product_tag":[72,75],"class_list":{"0":"post-9160","1":"product","2":"type-product","3":"status-publish","4":"has-post-thumbnail","6":"product_cat-disinfectants","7":"product_tag-disinfectant","8":"product_tag-gallon","10":"first","11":"instock","12":"sale","13":"taxable","14":"shipping-taxable","15":"purchasable","16":"product-type-simple"},"_links":{"self":[{"href":"https:\/\/medusa.csinterpharm.ae\/de\/wp-json\/wp\/v2\/product\/9160","targetHints":{"allow":["GET"]}}],"collection":[{"href":"https:\/\/medusa.csinterpharm.ae\/de\/wp-json\/wp\/v2\/product"}],"about":[{"href":"https:\/\/medusa.csinterpharm.ae\/de\/wp-json\/wp\/v2\/types\/product"}],"replies":[{"embeddable":true,"href":"https:\/\/medusa.csinterpharm.ae\/de\/wp-json\/wp\/v2\/comments?post=9160"}],"wp:featuredmedia":[{"embeddable":true,"href":"https:\/\/medusa.csinterpharm.ae\/de\/wp-json\/wp\/v2\/media\/16705"}],"wp:attachment":[{"href":"https:\/\/medusa.csinterpharm.ae\/de\/wp-json\/wp\/v2\/media?parent=9160"}],"wp:term":[{"taxonomy":"product_brand","embeddable":true,"href":"https:\/\/medusa.csinterpharm.ae\/de\/wp-json\/wp\/v2\/product_brand?post=9160"},{"taxonomy":"product_cat","embeddable":true,"href":"https:\/\/medusa.csinterpharm.ae\/de\/wp-json\/wp\/v2\/product_cat?post=9160"},{"taxonomy":"product_tag","embeddable":true,"href":"https:\/\/medusa.csinterpharm.ae\/de\/wp-json\/wp\/v2\/product_tag?post=9160"}],"curies":[{"name":"wp","href":"https:\/\/api.w.org\/{rel}","templated":true}]}}