{"id":9156,"date":"2026-01-10T16:16:38","date_gmt":"2026-01-10T16:16:38","guid":{"rendered":"https:\/\/medusa-sdp.com\/?post_type=product&#038;p=9156"},"modified":"2026-04-04T00:40:57","modified_gmt":"2026-04-04T00:40:57","slug":"medusa-disinfectant-alcohol-free-gallon-5l","status":"publish","type":"product","link":"https:\/\/medusa.csinterpharm.ae\/de\/produkt\/medusa-disinfectant-alcohol-free-gallon-5l\/","title":{"rendered":"MEDUSA Desinfektionsmittel Alkoholfrei Gallone 5L"},"content":{"rendered":"<div id=\"uc_blob_shapes_elementor_45683c0_size\" class=\"ue_blob_inside\">\n<div class=\"ue-blob-text-holder\">\n<div class=\"ue-blob-text\">\n<p>Gro\u00dfformatige MEDUSA-Desinfektionsmittel-Gallone zum einfachen und kosteng\u00fcnstigen Nachf\u00fcllen von Spr\u00fchflaschen, die leistungsstarken alkoholfreien Schutz gegen Keime bietet. MEDUSA Alcohol-Free ist die ultimative L\u00f6sung f\u00fcr Umgebungen, die sanfte, aber kompromisslose Hygiene erfordern. Es wurde f\u00fcr Sicherheit ohne Leistungseinbu\u00dfen formuliert und ist ideal f\u00fcr empfindliche Oberfl\u00e4chen und sensible Bereiche.<\/p>\n<\/div>\n<div><strong>VOLUME :<\/strong> 5 Liter (5000 ML)<\/div>\n<div><strong>SPEZIFIKATIONEN : <\/strong>Gallone<\/div>\n<div><\/div>\n<\/div>\n<\/div>","protected":false},"excerpt":{"rendered":"<ul>\n<li>Di-Decyl-Di-Methyl-Ammoniumchlorid<\/li>\n<li>Benzalkoniumchlorid<\/li>\n<li>Polyquat DMA\/E 50<\/li>\n<\/ul>","protected":false},"featured_media":16706,"comment_status":"open","ping_status":"closed","template":"","meta":[],"product_brand":[],"product_cat":[64],"product_tag":[72,75],"class_list":{"0":"post-9156","1":"product","2":"type-product","3":"status-publish","4":"has-post-thumbnail","6":"product_cat-disinfectants","7":"product_tag-disinfectant","8":"product_tag-gallon","10":"first","11":"instock","12":"sale","13":"taxable","14":"shipping-taxable","15":"purchasable","16":"product-type-simple"},"_links":{"self":[{"href":"https:\/\/medusa.csinterpharm.ae\/de\/wp-json\/wp\/v2\/product\/9156","targetHints":{"allow":["GET"]}}],"collection":[{"href":"https:\/\/medusa.csinterpharm.ae\/de\/wp-json\/wp\/v2\/product"}],"about":[{"href":"https:\/\/medusa.csinterpharm.ae\/de\/wp-json\/wp\/v2\/types\/product"}],"replies":[{"embeddable":true,"href":"https:\/\/medusa.csinterpharm.ae\/de\/wp-json\/wp\/v2\/comments?post=9156"}],"wp:featuredmedia":[{"embeddable":true,"href":"https:\/\/medusa.csinterpharm.ae\/de\/wp-json\/wp\/v2\/media\/16706"}],"wp:attachment":[{"href":"https:\/\/medusa.csinterpharm.ae\/de\/wp-json\/wp\/v2\/media?parent=9156"}],"wp:term":[{"taxonomy":"product_brand","embeddable":true,"href":"https:\/\/medusa.csinterpharm.ae\/de\/wp-json\/wp\/v2\/product_brand?post=9156"},{"taxonomy":"product_cat","embeddable":true,"href":"https:\/\/medusa.csinterpharm.ae\/de\/wp-json\/wp\/v2\/product_cat?post=9156"},{"taxonomy":"product_tag","embeddable":true,"href":"https:\/\/medusa.csinterpharm.ae\/de\/wp-json\/wp\/v2\/product_tag?post=9156"}],"curies":[{"name":"wp","href":"https:\/\/api.w.org\/{rel}","templated":true}]}}