{"id":7802,"date":"2025-04-17T11:41:50","date_gmt":"2025-04-17T11:41:50","guid":{"rendered":"https:\/\/medusa-sdp.com\/?post_type=product&#038;p=7802"},"modified":"2026-04-04T00:49:33","modified_gmt":"2026-04-04T00:49:33","slug":"medusa-wet-wipes-alcohol-free-bucket","status":"publish","type":"product","link":"https:\/\/medusa.csinterpharm.ae\/de\/produkt\/medusa-wet-wipes-alcohol-free-bucket\/","title":{"rendered":"MEDUSA Feuchtt\u00fccher Alkoholfrei Eimer"},"content":{"rendered":"<p>Praktischer Eimer mit 250 MEDUSA Desinfektionst\u00fcchern, vorgetr\u00e4nkt mit einer alkoholfreien Formel, die Keime f\u00fcr eine schnelle, effektive Oberfl\u00e4chenreinigung eliminiert. MEDUSA Alkoholfreie T\u00fccher sind die ultimative L\u00f6sung f\u00fcr Umgebungen, die eine sanfte und dennoch kompromisslose Hygiene erfordern. Die T\u00fccher wurden f\u00fcr Sicherheit formuliert, ohne die Leistung zu beeintr\u00e4chtigen, und sind ideal f\u00fcr empfindliche Oberfl\u00e4chen und sensible Bereiche.<\/p>\n<p><strong>MENGE :<\/strong> 250 T\u00fccher<\/p>\n<p><strong>SPEZIFIKATIONEN :<\/strong> Eimer<\/p>","protected":false},"excerpt":{"rendered":"<ol>\n<li>Di-Decyl-Di-Methyl-Ammoniumchlorid<\/li>\n<li>Benzalkoniumchlorid<\/li>\n<li>Polyquat DMA\/E 50<\/li>\n<li>Baumwollt\u00fccher<\/li>\n<\/ol>","protected":false},"featured_media":16704,"comment_status":"open","ping_status":"closed","template":"","meta":[],"product_brand":[],"product_cat":[96],"product_tag":[78,72],"class_list":{"0":"post-7802","1":"product","2":"type-product","3":"status-publish","4":"has-post-thumbnail","6":"product_cat-wet-wipes","7":"product_tag-bucket","8":"product_tag-disinfectant","10":"first","11":"instock","12":"sale","13":"taxable","14":"shipping-taxable","15":"purchasable","16":"product-type-simple"},"_links":{"self":[{"href":"https:\/\/medusa.csinterpharm.ae\/de\/wp-json\/wp\/v2\/product\/7802","targetHints":{"allow":["GET"]}}],"collection":[{"href":"https:\/\/medusa.csinterpharm.ae\/de\/wp-json\/wp\/v2\/product"}],"about":[{"href":"https:\/\/medusa.csinterpharm.ae\/de\/wp-json\/wp\/v2\/types\/product"}],"replies":[{"embeddable":true,"href":"https:\/\/medusa.csinterpharm.ae\/de\/wp-json\/wp\/v2\/comments?post=7802"}],"wp:featuredmedia":[{"embeddable":true,"href":"https:\/\/medusa.csinterpharm.ae\/de\/wp-json\/wp\/v2\/media\/16704"}],"wp:attachment":[{"href":"https:\/\/medusa.csinterpharm.ae\/de\/wp-json\/wp\/v2\/media?parent=7802"}],"wp:term":[{"taxonomy":"product_brand","embeddable":true,"href":"https:\/\/medusa.csinterpharm.ae\/de\/wp-json\/wp\/v2\/product_brand?post=7802"},{"taxonomy":"product_cat","embeddable":true,"href":"https:\/\/medusa.csinterpharm.ae\/de\/wp-json\/wp\/v2\/product_cat?post=7802"},{"taxonomy":"product_tag","embeddable":true,"href":"https:\/\/medusa.csinterpharm.ae\/de\/wp-json\/wp\/v2\/product_tag?post=7802"}],"curies":[{"name":"wp","href":"https:\/\/api.w.org\/{rel}","templated":true}]}}