{"id":7702,"date":"2025-04-16T12:00:43","date_gmt":"2025-04-16T12:00:43","guid":{"rendered":"https:\/\/medusa-sdp.com\/?post_type=product&#038;p=7702"},"modified":"2026-04-02T21:16:50","modified_gmt":"2026-04-02T21:16:50","slug":"medusa-disinfectant-alcohol-free-spray-bottle-500-ml","status":"publish","type":"product","link":"https:\/\/medusa.csinterpharm.ae\/de\/produkt\/medusa-disinfectant-alcohol-free-spray-bottle-500-ml\/","title":{"rendered":"MEDUSA Desinfektionsmittel Alkoholfrei Spr\u00fchflasche 500 ML"},"content":{"rendered":"<div id=\"uc_blob_shapes_elementor_45683c0_size\" class=\"ue_blob_inside\">\n<div class=\"ue-blob-text-holder\">\n<div class=\"ue-blob-text\">\n<p>Die einfach zu handhabende MEDUSA Desinfektionsspr\u00fchflasche bietet einen leistungsstarken, alkoholfreien Schutz vor Keimen. MEDUSA Alcohol-Free ist die ultimative L\u00f6sung f\u00fcr Umgebungen, die sanfte, aber kompromisslose Hygiene erfordern. Es wurde f\u00fcr Sicherheit formuliert, ohne die Leistung zu beeintr\u00e4chtigen, und ist ideal f\u00fcr empfindliche Oberfl\u00e4chen und sensible Bereiche.<\/p>\n<\/div>\n<div><strong>SPEZIFIKATIONEN :<\/strong>Spr\u00fchflasche<\/div>\n<div>\n<div><strong>VOLUME :<\/strong> 500 ML<\/div>\n<\/div>\n<\/div>\n<\/div>","protected":false},"excerpt":{"rendered":"<ul>\n<li>Di-Decyl-Di-Methyl-Ammoniumchlorid<\/li>\n<li>Benzalkoniumchlorid<\/li>\n<li>Polyquat DMA\/E 50<\/li>\n<\/ul>","protected":false},"featured_media":17890,"comment_status":"open","ping_status":"closed","template":"","meta":[],"product_brand":[],"product_cat":[64],"product_tag":[72,79,80],"class_list":{"0":"post-7702","1":"product","2":"type-product","3":"status-publish","4":"has-post-thumbnail","6":"product_cat-disinfectants","7":"product_tag-disinfectant","8":"product_tag-spray","9":"product_tag-spray-bottle","11":"first","12":"instock","13":"sale","14":"taxable","15":"shipping-taxable","16":"purchasable","17":"product-type-simple"},"_links":{"self":[{"href":"https:\/\/medusa.csinterpharm.ae\/de\/wp-json\/wp\/v2\/product\/7702","targetHints":{"allow":["GET"]}}],"collection":[{"href":"https:\/\/medusa.csinterpharm.ae\/de\/wp-json\/wp\/v2\/product"}],"about":[{"href":"https:\/\/medusa.csinterpharm.ae\/de\/wp-json\/wp\/v2\/types\/product"}],"replies":[{"embeddable":true,"href":"https:\/\/medusa.csinterpharm.ae\/de\/wp-json\/wp\/v2\/comments?post=7702"}],"wp:featuredmedia":[{"embeddable":true,"href":"https:\/\/medusa.csinterpharm.ae\/de\/wp-json\/wp\/v2\/media\/17890"}],"wp:attachment":[{"href":"https:\/\/medusa.csinterpharm.ae\/de\/wp-json\/wp\/v2\/media?parent=7702"}],"wp:term":[{"taxonomy":"product_brand","embeddable":true,"href":"https:\/\/medusa.csinterpharm.ae\/de\/wp-json\/wp\/v2\/product_brand?post=7702"},{"taxonomy":"product_cat","embeddable":true,"href":"https:\/\/medusa.csinterpharm.ae\/de\/wp-json\/wp\/v2\/product_cat?post=7702"},{"taxonomy":"product_tag","embeddable":true,"href":"https:\/\/medusa.csinterpharm.ae\/de\/wp-json\/wp\/v2\/product_tag?post=7702"}],"curies":[{"name":"wp","href":"https:\/\/api.w.org\/{rel}","templated":true}]}}